{"id":15581,"date":"2025-09-15T11:26:08","date_gmt":"2025-09-15T11:26:08","guid":{"rendered":"https:\/\/raez.oyedek.com\/medya\/"},"modified":"2025-09-25T11:39:56","modified_gmt":"2025-09-25T11:39:56","slug":"media","status":"publish","type":"page","link":"https:\/\/raez.oyedek.com\/en\/media\/","title":{"rendered":"Media"},"content":{"rendered":"\t\t<div data-elementor-type=\"wp-page\" data-elementor-id=\"15581\" class=\"elementor elementor-15581\" data-elementor-post-type=\"page\">\n\t\t\t\t<div class=\"elementor-element elementor-element-e9da19d e-flex e-con-boxed e-con e-parent\" data-id=\"e9da19d\" data-element_type=\"container\" data-settings=\"{&quot;background_background&quot;:&quot;classic&quot;}\">\n\t\t\t\t\t<div class=\"e-con-inner\">\n\t\t\t\t\t<\/div>\n\t\t\t\t<\/div>\n\t\t<div class=\"elementor-element elementor-element-032fa50 e-flex e-con-boxed e-con e-parent\" data-id=\"032fa50\" data-element_type=\"container\">\n\t\t\t\t\t<div class=\"e-con-inner\">\n\t\t<div class=\"elementor-element elementor-element-5a84b63 e-con-full e-flex elementor-invisible e-con e-child\" data-id=\"5a84b63\" data-element_type=\"container\" data-settings=\"{&quot;background_background&quot;:&quot;classic&quot;,&quot;animation&quot;:&quot;fadeInUp&quot;}\">\n\t\t<div class=\"elementor-element elementor-element-3bdef3a e-con-full e-flex e-con e-child\" data-id=\"3bdef3a\" data-element_type=\"container\">\n\t\t\t\t<div class=\"elementor-element elementor-element-70cdbbe elementor-icon-list--layout-inline elementor-align-center elementor-mobile-align-left elementor-list-item-link-full_width elementor-widget elementor-widget-icon-list\" data-id=\"70cdbbe\" data-element_type=\"widget\" data-widget_type=\"icon-list.default\">\n\t\t\t\t<div class=\"elementor-widget-container\">\n\t\t\t\t\t\t\t<ul class=\"elementor-icon-list-items elementor-inline-items\">\n\t\t\t\t\t\t\t<li class=\"elementor-icon-list-item elementor-inline-item\">\n\t\t\t\t\t\t\t\t\t\t\t<a href=\"\/en\/\">\n\n\t\t\t\t\t\t\t\t\t\t\t<span class=\"elementor-icon-list-text\">Home<\/span>\n\t\t\t\t\t\t\t\t\t\t\t<\/a>\n\t\t\t\t\t\t\t\t\t<\/li>\n\t\t\t\t\t\t\t\t<li class=\"elementor-icon-list-item elementor-inline-item\">\n\t\t\t\t\t\t\t\t\t\t\t<span class=\"elementor-icon-list-icon\">\n\t\t\t\t\t\t\t<i aria-hidden=\"true\" class=\"icon icon-right-arrow2\"><\/i>\t\t\t\t\t\t<\/span>\n\t\t\t\t\t\t\t\t\t\t<span class=\"elementor-icon-list-text\">Media<\/span>\n\t\t\t\t\t\t\t\t\t<\/li>\n\t\t\t\t\t\t<\/ul>\n\t\t\t\t\t\t<\/div>\n\t\t\t\t<\/div>\n\t\t\t\t<\/div>\n\t\t<div class=\"elementor-element elementor-element-e415f06 e-con-full e-flex e-con e-child\" data-id=\"e415f06\" data-element_type=\"container\">\n\t\t<div class=\"elementor-element elementor-element-27d732a e-con-full e-flex e-con e-child\" data-id=\"27d732a\" data-element_type=\"container\">\n\t\t\t\t<div class=\"elementor-element elementor-element-e56d724 elementor-grid-3 elementor-grid-tablet-2 elementor-grid-mobile-1 elementor-widget elementor-widget-loop-grid\" data-id=\"e56d724\" data-element_type=\"widget\" data-settings=\"{&quot;template_id&quot;:&quot;13881&quot;,&quot;_skin&quot;:&quot;post&quot;,&quot;columns&quot;:&quot;3&quot;,&quot;columns_tablet&quot;:&quot;2&quot;,&quot;columns_mobile&quot;:&quot;1&quot;,&quot;edit_handle_selector&quot;:&quot;[data-elementor-type=\\&quot;loop-item\\&quot;]&quot;,&quot;row_gap&quot;:{&quot;unit&quot;:&quot;px&quot;,&quot;size&quot;:&quot;&quot;,&quot;sizes&quot;:[]},&quot;row_gap_laptop&quot;:{&quot;unit&quot;:&quot;px&quot;,&quot;size&quot;:&quot;&quot;,&quot;sizes&quot;:[]},&quot;row_gap_tablet&quot;:{&quot;unit&quot;:&quot;px&quot;,&quot;size&quot;:&quot;&quot;,&quot;sizes&quot;:[]},&quot;row_gap_mobile&quot;:{&quot;unit&quot;:&quot;px&quot;,&quot;size&quot;:&quot;&quot;,&quot;sizes&quot;:[]}}\" data-widget_type=\"loop-grid.post\">\n\t\t\t\t<div class=\"elementor-widget-container\">\n\t\t\t\t\t\t\t<div class=\"elementor-loop-container elementor-grid\" role=\"list\">\n\t\t<style id=\"loop-13881\">.elementor-13881 .elementor-element.elementor-element-3965b46{--display:flex;--flex-direction:column;--container-widget-width:100%;--container-widget-height:initial;--container-widget-flex-grow:0;--container-widget-align-self:initial;--flex-wrap-mobile:wrap;--border-radius:25px 25px 25px 25px;--padding-top:15px;--padding-bottom:15px;--padding-left:15px;--padding-right:15px;}.elementor-13881 .elementor-element.elementor-element-3965b46:not(.elementor-motion-effects-element-type-background), .elementor-13881 .elementor-element.elementor-element-3965b46 > .elementor-motion-effects-container > .elementor-motion-effects-layer{background-color:#FFFFFF;}.elementor-13881 .elementor-element.elementor-element-8b83103{--display:flex;--overflow:hidden;--border-radius:15px 15px 15px 15px;}.elementor-13881 .elementor-element.elementor-element-b7b8c88 img{width:100%;max-width:99%;height:350px;object-fit:cover;object-position:center center;border-radius:15px 15px 15px 15px;}.elementor-13881 .elementor-element.elementor-element-213f1bc{--display:flex;}.elementor-13881 .elementor-element.elementor-element-cb70f12 .elementor-heading-title{font-family:\"Outfit\", Sans-serif;font-size:22px;line-height:24px;color:#000000;}.elementor-13881 .elementor-element.elementor-element-77b9444 .elementor-widget-container{font-family:\"Outfit\", Sans-serif;font-size:15px;margin-bottom:0px;color:#000000;}@media(min-width:768px){.elementor-13881 .elementor-element.elementor-element-8b83103{--width:100%;}.elementor-13881 .elementor-element.elementor-element-213f1bc{--width:100%;}}<\/style>\t\t<div data-elementor-type=\"loop-item\" data-elementor-id=\"13881\" class=\"elementor elementor-13881 e-loop-item e-loop-item-16528 post-16528 post type-post status-publish format-standard has-post-thumbnail hentry category-news-fairs\" data-elementor-post-type=\"elementor_library\" data-custom-edit-handle=\"1\">\n\t\t\t<a class=\"elementor-element elementor-element-3965b46 e-con-full fuarcon e-flex e-con e-parent\" data-id=\"3965b46\" data-element_type=\"container\" data-settings=\"{&quot;background_background&quot;:&quot;classic&quot;}\" href=\"https:\/\/raez.oyedek.com\/en\/germany-prosweets-fair-january-30-february-2-2022\/\">\n\t\t<div class=\"elementor-element elementor-element-8b83103 e-con-full e-flex e-con e-child\" data-id=\"8b83103\" data-element_type=\"container\">\n\t\t\t\t<div class=\"elementor-element elementor-element-b7b8c88 imagecon elementor-widget elementor-widget-theme-post-featured-image elementor-widget-image\" data-id=\"b7b8c88\" data-element_type=\"widget\" data-widget_type=\"theme-post-featured-image.default\">\n\t\t\t\t<div class=\"elementor-widget-container\">\n\t\t\t\t\t\t\t\t\t\t\t\t\t\t\t<img fetchpriority=\"high\" decoding=\"async\" width=\"1200\" height=\"628\" src=\"https:\/\/raez.oyedek.com\/wp-content\/uploads\/2025\/09\/almanya-prosweets-fuari-30-ocak-2-subat-2022.webp\" class=\"attachment-full size-full wp-image-15412\" alt=\"\" srcset=\"https:\/\/raez.oyedek.com\/wp-content\/uploads\/2025\/09\/almanya-prosweets-fuari-30-ocak-2-subat-2022.webp 1200w, https:\/\/raez.oyedek.com\/wp-content\/uploads\/2025\/09\/almanya-prosweets-fuari-30-ocak-2-subat-2022-300x157.webp 300w, https:\/\/raez.oyedek.com\/wp-content\/uploads\/2025\/09\/almanya-prosweets-fuari-30-ocak-2-subat-2022-1024x536.webp 1024w, https:\/\/raez.oyedek.com\/wp-content\/uploads\/2025\/09\/almanya-prosweets-fuari-30-ocak-2-subat-2022-768x402.webp 768w\" sizes=\"(max-width: 1200px) 100vw, 1200px\" \/>\t\t\t\t\t\t\t\t\t\t\t\t\t\t\t<\/div>\n\t\t\t\t<\/div>\n\t\t\t\t<\/div>\n\t\t<div class=\"elementor-element elementor-element-213f1bc e-con-full e-flex e-con e-child\" data-id=\"213f1bc\" data-element_type=\"container\">\n\t\t\t\t<div class=\"elementor-element elementor-element-cb70f12 titlecon elementor-widget elementor-widget-theme-post-title elementor-page-title elementor-widget-heading\" data-id=\"cb70f12\" data-element_type=\"widget\" data-widget_type=\"theme-post-title.default\">\n\t\t\t\t<div class=\"elementor-widget-container\">\n\t\t\t\t\t<h3 class=\"elementor-heading-title elementor-size-default\">Germany Prosweets Fair (January 30 &#8211; February 2 2022)<\/h3>\t\t\t\t<\/div>\n\t\t\t\t<\/div>\n\t\t\t\t<div class=\"elementor-element elementor-element-77b9444 elementor-widget elementor-widget-theme-post-excerpt\" data-id=\"77b9444\" data-element_type=\"widget\" data-widget_type=\"theme-post-excerpt.default\">\n\t\t\t\t<div class=\"elementor-widget-container\">\n\t\t\t\t\t<p>Photos from the Prosweets 2022 Fair in Germany<\/p>\t\t\t\t<\/div>\n\t\t\t\t<\/div>\n\t\t\t\t<\/div>\n\t\t\t\t<\/a>\n\t\t\t\t<\/div>\n\t\t\t\t<div data-elementor-type=\"loop-item\" data-elementor-id=\"13881\" class=\"elementor elementor-13881 e-loop-item e-loop-item-16531 post-16531 post type-post status-publish format-standard has-post-thumbnail hentry category-news-fairs\" data-elementor-post-type=\"elementor_library\" data-custom-edit-handle=\"1\">\n\t\t\t<a class=\"elementor-element elementor-element-3965b46 e-con-full fuarcon e-flex e-con e-parent\" data-id=\"3965b46\" data-element_type=\"container\" data-settings=\"{&quot;background_background&quot;:&quot;classic&quot;}\" href=\"https:\/\/raez.oyedek.com\/en\/eurasia-packaging-fair-october-11-october-14-2023\/\">\n\t\t<div class=\"elementor-element elementor-element-8b83103 e-con-full e-flex e-con e-child\" data-id=\"8b83103\" data-element_type=\"container\">\n\t\t\t\t<div class=\"elementor-element elementor-element-b7b8c88 imagecon elementor-widget elementor-widget-theme-post-featured-image elementor-widget-image\" data-id=\"b7b8c88\" data-element_type=\"widget\" data-widget_type=\"theme-post-featured-image.default\">\n\t\t\t\t<div class=\"elementor-widget-container\">\n\t\t\t\t\t\t\t\t\t\t\t\t\t\t\t<img decoding=\"async\" width=\"1200\" height=\"628\" src=\"https:\/\/raez.oyedek.com\/wp-content\/uploads\/2025\/09\/avrasya-ambalaj-fuari-11-ekim-14-ekim-2023.webp\" class=\"attachment-full size-full wp-image-15413\" alt=\"\" srcset=\"https:\/\/raez.oyedek.com\/wp-content\/uploads\/2025\/09\/avrasya-ambalaj-fuari-11-ekim-14-ekim-2023.webp 1200w, https:\/\/raez.oyedek.com\/wp-content\/uploads\/2025\/09\/avrasya-ambalaj-fuari-11-ekim-14-ekim-2023-300x157.webp 300w, https:\/\/raez.oyedek.com\/wp-content\/uploads\/2025\/09\/avrasya-ambalaj-fuari-11-ekim-14-ekim-2023-1024x536.webp 1024w, https:\/\/raez.oyedek.com\/wp-content\/uploads\/2025\/09\/avrasya-ambalaj-fuari-11-ekim-14-ekim-2023-768x402.webp 768w\" sizes=\"(max-width: 1200px) 100vw, 1200px\" \/>\t\t\t\t\t\t\t\t\t\t\t\t\t\t\t<\/div>\n\t\t\t\t<\/div>\n\t\t\t\t<\/div>\n\t\t<div class=\"elementor-element elementor-element-213f1bc e-con-full e-flex e-con e-child\" data-id=\"213f1bc\" data-element_type=\"container\">\n\t\t\t\t<div class=\"elementor-element elementor-element-cb70f12 titlecon elementor-widget elementor-widget-theme-post-title elementor-page-title elementor-widget-heading\" data-id=\"cb70f12\" data-element_type=\"widget\" data-widget_type=\"theme-post-title.default\">\n\t\t\t\t<div class=\"elementor-widget-container\">\n\t\t\t\t\t<h3 class=\"elementor-heading-title elementor-size-default\">Eurasia Packaging Fair (October 11 &#8211; October 14, 2023)<\/h3>\t\t\t\t<\/div>\n\t\t\t\t<\/div>\n\t\t\t\t<div class=\"elementor-element elementor-element-77b9444 elementor-widget elementor-widget-theme-post-excerpt\" data-id=\"77b9444\" data-element_type=\"widget\" data-widget_type=\"theme-post-excerpt.default\">\n\t\t\t\t<div class=\"elementor-widget-container\">\n\t\t\t\t\t<p>The Eurasia Packaging Istanbul Fair opened at the T\u00fcyap Fair and Congress Center in B\u00fcy\u00fck\u00e7ekmece,\t\t\t\t<\/div>\n\t\t\t\t<\/div>\n\t\t\t\t<\/div>\n\t\t\t\t<\/a>\n\t\t\t\t<\/div>\n\t\t\t\t<div data-elementor-type=\"loop-item\" data-elementor-id=\"13881\" class=\"elementor elementor-13881 e-loop-item e-loop-item-16530 post-16530 post type-post status-publish format-standard has-post-thumbnail hentry category-news-fairs\" data-elementor-post-type=\"elementor_library\" data-custom-edit-handle=\"1\">\n\t\t\t<a class=\"elementor-element elementor-element-3965b46 e-con-full fuarcon e-flex e-con e-parent\" data-id=\"3965b46\" data-element_type=\"container\" data-settings=\"{&quot;background_background&quot;:&quot;classic&quot;}\" href=\"https:\/\/raez.oyedek.com\/en\/dubai-gulfood-fair\/\">\n\t\t<div class=\"elementor-element elementor-element-8b83103 e-con-full e-flex e-con e-child\" data-id=\"8b83103\" data-element_type=\"container\">\n\t\t\t\t<div class=\"elementor-element elementor-element-b7b8c88 imagecon elementor-widget elementor-widget-theme-post-featured-image elementor-widget-image\" data-id=\"b7b8c88\" data-element_type=\"widget\" data-widget_type=\"theme-post-featured-image.default\">\n\t\t\t\t<div class=\"elementor-widget-container\">\n\t\t\t\t\t\t\t\t\t\t\t\t\t\t\t<img decoding=\"async\" width=\"800\" height=\"800\" src=\"https:\/\/raez.oyedek.com\/wp-content\/uploads\/2025\/09\/dubai-gullfood-fuari-19-subat-23-subat-2022-eba21.jpg\" class=\"attachment-full size-full wp-image-15356\" alt=\"\" srcset=\"https:\/\/raez.oyedek.com\/wp-content\/uploads\/2025\/09\/dubai-gullfood-fuari-19-subat-23-subat-2022-eba21.jpg 800w, https:\/\/raez.oyedek.com\/wp-content\/uploads\/2025\/09\/dubai-gullfood-fuari-19-subat-23-subat-2022-eba21-300x300.jpg 300w, https:\/\/raez.oyedek.com\/wp-content\/uploads\/2025\/09\/dubai-gullfood-fuari-19-subat-23-subat-2022-eba21-150x150.jpg 150w, https:\/\/raez.oyedek.com\/wp-content\/uploads\/2025\/09\/dubai-gullfood-fuari-19-subat-23-subat-2022-eba21-768x768.jpg 768w\" sizes=\"(max-width: 800px) 100vw, 800px\" \/>\t\t\t\t\t\t\t\t\t\t\t\t\t\t\t<\/div>\n\t\t\t\t<\/div>\n\t\t\t\t<\/div>\n\t\t<div class=\"elementor-element elementor-element-213f1bc e-con-full e-flex e-con e-child\" data-id=\"213f1bc\" data-element_type=\"container\">\n\t\t\t\t<div class=\"elementor-element elementor-element-cb70f12 titlecon elementor-widget elementor-widget-theme-post-title elementor-page-title elementor-widget-heading\" data-id=\"cb70f12\" data-element_type=\"widget\" data-widget_type=\"theme-post-title.default\">\n\t\t\t\t<div class=\"elementor-widget-container\">\n\t\t\t\t\t<h3 class=\"elementor-heading-title elementor-size-default\">Dubai Gullfood Fair (February 19 &#8211; February 23, 2022)<\/h3>\t\t\t\t<\/div>\n\t\t\t\t<\/div>\n\t\t\t\t<div class=\"elementor-element elementor-element-77b9444 elementor-widget elementor-widget-theme-post-excerpt\" data-id=\"77b9444\" data-element_type=\"widget\" data-widget_type=\"theme-post-excerpt.default\">\n\t\t\t\t<div class=\"elementor-widget-container\">\n\t\t\t\t\t<p>Photos from the Dubai Gullfood Fair<\/p>\t\t\t\t<\/div>\n\t\t\t\t<\/div>\n\t\t\t\t<\/div>\n\t\t\t\t<\/a>\n\t\t\t\t<\/div>\n\t\t\t\t<div data-elementor-type=\"loop-item\" data-elementor-id=\"13881\" class=\"elementor elementor-13881 e-loop-item e-loop-item-16529 post-16529 post type-post status-publish format-standard has-post-thumbnail hentry category-news-fairs\" data-elementor-post-type=\"elementor_library\" data-custom-edit-handle=\"1\">\n\t\t\t<a class=\"elementor-element elementor-element-3965b46 e-con-full fuarcon e-flex e-con e-parent\" data-id=\"3965b46\" data-element_type=\"container\" data-settings=\"{&quot;background_background&quot;:&quot;classic&quot;}\" href=\"https:\/\/raez.oyedek.com\/en\/germany-prosweets-fair-23-april-23\/\">\n\t\t<div class=\"elementor-element elementor-element-8b83103 e-con-full e-flex e-con e-child\" data-id=\"8b83103\" data-element_type=\"container\">\n\t\t\t\t<div class=\"elementor-element elementor-element-b7b8c88 imagecon elementor-widget elementor-widget-theme-post-featured-image elementor-widget-image\" data-id=\"b7b8c88\" data-element_type=\"widget\" data-widget_type=\"theme-post-featured-image.default\">\n\t\t\t\t<div class=\"elementor-widget-container\">\n\t\t\t\t\t\t\t\t\t\t\t\t\t\t\t<img loading=\"lazy\" decoding=\"async\" width=\"800\" height=\"800\" src=\"https:\/\/raez.oyedek.com\/wp-content\/uploads\/2025\/09\/almanya-prosweets-fuari-23-nisan-25-nisan-2023.jpg\" class=\"attachment-full size-full wp-image-15354\" alt=\"\" srcset=\"https:\/\/raez.oyedek.com\/wp-content\/uploads\/2025\/09\/almanya-prosweets-fuari-23-nisan-25-nisan-2023.jpg 800w, https:\/\/raez.oyedek.com\/wp-content\/uploads\/2025\/09\/almanya-prosweets-fuari-23-nisan-25-nisan-2023-300x300.jpg 300w, https:\/\/raez.oyedek.com\/wp-content\/uploads\/2025\/09\/almanya-prosweets-fuari-23-nisan-25-nisan-2023-150x150.jpg 150w, https:\/\/raez.oyedek.com\/wp-content\/uploads\/2025\/09\/almanya-prosweets-fuari-23-nisan-25-nisan-2023-768x768.jpg 768w\" sizes=\"(max-width: 800px) 100vw, 800px\" \/>\t\t\t\t\t\t\t\t\t\t\t\t\t\t\t<\/div>\n\t\t\t\t<\/div>\n\t\t\t\t<\/div>\n\t\t<div class=\"elementor-element elementor-element-213f1bc e-con-full e-flex e-con e-child\" data-id=\"213f1bc\" data-element_type=\"container\">\n\t\t\t\t<div class=\"elementor-element elementor-element-cb70f12 titlecon elementor-widget elementor-widget-theme-post-title elementor-page-title elementor-widget-heading\" data-id=\"cb70f12\" data-element_type=\"widget\" data-widget_type=\"theme-post-title.default\">\n\t\t\t\t<div class=\"elementor-widget-container\">\n\t\t\t\t\t<h3 class=\"elementor-heading-title elementor-size-default\">Germany Prosweets Fair (April 23 &#8211; April 25, 2023)<\/h3>\t\t\t\t<\/div>\n\t\t\t\t<\/div>\n\t\t\t\t<div class=\"elementor-element elementor-element-77b9444 elementor-widget elementor-widget-theme-post-excerpt\" data-id=\"77b9444\" data-element_type=\"widget\" data-widget_type=\"theme-post-excerpt.default\">\n\t\t\t\t<div class=\"elementor-widget-container\">\n\t\t\t\t\t<p>Photos from the Prosweets 2023 Fair in Germany<\/p>\t\t\t\t<\/div>\n\t\t\t\t<\/div>\n\t\t\t\t<\/div>\n\t\t\t\t<\/a>\n\t\t\t\t<\/div>\n\t\t\t\t<div data-elementor-type=\"loop-item\" data-elementor-id=\"13881\" class=\"elementor elementor-13881 e-loop-item e-loop-item-16535 post-16535 post type-post status-publish format-standard has-post-thumbnail hentry category-news-fairs\" data-elementor-post-type=\"elementor_library\" data-custom-edit-handle=\"1\">\n\t\t\t<a class=\"elementor-element elementor-element-3965b46 e-con-full fuarcon e-flex e-con e-parent\" data-id=\"3965b46\" data-element_type=\"container\" data-settings=\"{&quot;background_background&quot;:&quot;classic&quot;}\" href=\"https:\/\/raez.oyedek.com\/en\/we-participated-in-the-eurasia-packaging-istanbul-fair-23-26-october-2024\/\">\n\t\t<div class=\"elementor-element elementor-element-8b83103 e-con-full e-flex e-con e-child\" data-id=\"8b83103\" data-element_type=\"container\">\n\t\t\t\t<div class=\"elementor-element elementor-element-b7b8c88 imagecon elementor-widget elementor-widget-theme-post-featured-image elementor-widget-image\" data-id=\"b7b8c88\" data-element_type=\"widget\" data-widget_type=\"theme-post-featured-image.default\">\n\t\t\t\t<div class=\"elementor-widget-container\">\n\t\t\t\t\t\t\t\t\t\t\t\t\t\t\t<img loading=\"lazy\" decoding=\"async\" width=\"800\" height=\"800\" src=\"https:\/\/raez.oyedek.com\/wp-content\/uploads\/2025\/09\/Avrasya-Ambalaj-Istanbul-Fuarina-Katilim-Gerceklestirdik-23-26-Ekim-2024-1.webp\" class=\"attachment-full size-full wp-image-15346\" alt=\"\" srcset=\"https:\/\/raez.oyedek.com\/wp-content\/uploads\/2025\/09\/Avrasya-Ambalaj-Istanbul-Fuarina-Katilim-Gerceklestirdik-23-26-Ekim-2024-1.webp 800w, https:\/\/raez.oyedek.com\/wp-content\/uploads\/2025\/09\/Avrasya-Ambalaj-Istanbul-Fuarina-Katilim-Gerceklestirdik-23-26-Ekim-2024-1-300x300.webp 300w, https:\/\/raez.oyedek.com\/wp-content\/uploads\/2025\/09\/Avrasya-Ambalaj-Istanbul-Fuarina-Katilim-Gerceklestirdik-23-26-Ekim-2024-1-150x150.webp 150w, https:\/\/raez.oyedek.com\/wp-content\/uploads\/2025\/09\/Avrasya-Ambalaj-Istanbul-Fuarina-Katilim-Gerceklestirdik-23-26-Ekim-2024-1-768x768.webp 768w\" sizes=\"(max-width: 800px) 100vw, 800px\" \/>\t\t\t\t\t\t\t\t\t\t\t\t\t\t\t<\/div>\n\t\t\t\t<\/div>\n\t\t\t\t<\/div>\n\t\t<div class=\"elementor-element elementor-element-213f1bc e-con-full e-flex e-con e-child\" data-id=\"213f1bc\" data-element_type=\"container\">\n\t\t\t\t<div class=\"elementor-element elementor-element-cb70f12 titlecon elementor-widget elementor-widget-theme-post-title elementor-page-title elementor-widget-heading\" data-id=\"cb70f12\" data-element_type=\"widget\" data-widget_type=\"theme-post-title.default\">\n\t\t\t\t<div class=\"elementor-widget-container\">\n\t\t\t\t\t<h3 class=\"elementor-heading-title elementor-size-default\">We participated in the Eurasia Packaging Istanbul Fair, 23-26 October 2024<\/h3>\t\t\t\t<\/div>\n\t\t\t\t<\/div>\n\t\t\t\t<div class=\"elementor-element elementor-element-77b9444 elementor-widget elementor-widget-theme-post-excerpt\" data-id=\"77b9444\" data-element_type=\"widget\" data-widget_type=\"theme-post-excerpt.default\">\n\t\t\t\t<div class=\"elementor-widget-container\">\n\t\t\t\t\t<p>The Eurasia Packaging Istanbul Fair was held at the T\u00fcyap Fair and Congress Center in\t\t\t\t<\/div>\n\t\t\t\t<\/div>\n\t\t\t\t<\/div>\n\t\t\t\t<\/a>\n\t\t\t\t<\/div>\n\t\t\t\t<\/div>\n\t\t\n\t\t\t\t\t\t<\/div>\n\t\t\t\t<\/div>\n\t\t\t\t<\/div>\n\t\t\t\t<\/div>\n\t\t\t\t<\/div>\n\t\t\t\t\t<\/div>\n\t\t\t\t<\/div>\n\t\t\t\t<\/div>\n\t\t","protected":false},"excerpt":{"rendered":"<p>Home Media<\/p>\n","protected":false},"author":1,"featured_media":0,"parent":0,"menu_order":0,"comment_status":"closed","ping_status":"closed","template":"elementor_header_footer","meta":{"inline_featured_image":false,"footnotes":""},"class_list":["post-15581","page","type-page","status-publish","hentry"],"_links":{"self":[{"href":"https:\/\/raez.oyedek.com\/en\/wp-json\/wp\/v2\/pages\/15581","targetHints":{"allow":["GET"]}}],"collection":[{"href":"https:\/\/raez.oyedek.com\/en\/wp-json\/wp\/v2\/pages"}],"about":[{"href":"https:\/\/raez.oyedek.com\/en\/wp-json\/wp\/v2\/types\/page"}],"author":[{"embeddable":true,"href":"https:\/\/raez.oyedek.com\/en\/wp-json\/wp\/v2\/users\/1"}],"replies":[{"embeddable":true,"href":"https:\/\/raez.oyedek.com\/en\/wp-json\/wp\/v2\/comments?post=15581"}],"version-history":[{"count":0,"href":"https:\/\/raez.oyedek.com\/en\/wp-json\/wp\/v2\/pages\/15581\/revisions"}],"wp:attachment":[{"href":"https:\/\/raez.oyedek.com\/en\/wp-json\/wp\/v2\/media?parent=15581"}],"curies":[{"name":"wp","href":"https:\/\/api.w.org\/{rel}","templated":true}]}}